{"id":933,"date":"2022-11-01T11:51:45","date_gmt":"2022-11-01T17:51:45","guid":{"rendered":"https:\/\/www.itei.org.mx\/v3\/micrositios\/sea\/?page_id=933"},"modified":"2022-12-21T13:14:28","modified_gmt":"2022-12-21T19:14:28","slug":"peajal","status":"publish","type":"page","link":"https:\/\/www.itei.org.mx\/v3\/micrositios\/sea\/peajal\/","title":{"rendered":"PEAJAL"},"content":{"rendered":"\n<p><a href=\"http:\/\/www.itei.org.mx\/v3\/micrositios\/sea\/wp-content\/uploads\/2022\/11\/Infografia_PEAJAL-fechas.pdf\">Pol\u00edtica Estatal Anticorrupci\u00f3n de Jalisco: Infograf\u00eda<\/a><\/p>\n\n\n\n<p><a href=\"http:\/\/www.itei.org.mx\/v3\/micrositios\/sea\/wp-content\/uploads\/2022\/11\/Resumen-ejecutivo-PEAJAL.pdf\">Pol\u00edtica Estatal Anticorrupci\u00f3n de Jalisco: resumen ejecutivo publicado en el Peri\u00f3dico Oficial El Estado de Jalisco<\/a><\/p>\n\n\n\n<p><a href=\"http:\/\/www.itei.org.mx\/v3\/micrositios\/sea\/wp-content\/uploads\/2022\/11\/PEAJAL_aprobada.pdf\">Pol\u00edtica Estatal Anticorrupci\u00f3n de Jalisco: documento \u00edntegro aprobado por el Comit\u00e9 Coordinador<\/a><\/p>\n\n\n\n<h2>Implementaci\u00f3n de la PEAJAL<\/h2>\n\n\n\n<p><a href=\"https:\/\/seajal.org\/static\/docs\/politica_estatal\/2022-07-Modelo-de-Implementacion-mi-PEAJAL-v2.pdf\" target=\"_blank\" rel=\"noreferrer noopener\">Modelo de Implementaci\u00f3n MI PEAJAL<\/a><\/p>\n\n\n\n<p><a rel=\"noreferrer noopener\" href=\"https:\/\/seajal.org\/static\/docs\/politica_estatal\/2022-07-Anexo-1-Estudio-Especializado.pdf\" target=\"_blank\">Anexo 1 Estudio Especializado<\/a><\/p>\n\n\n\n<p><a rel=\"noreferrer noopener\" href=\"https:\/\/seajal.org\/static\/docs\/politica_estatal\/2022-07-Anexo-2-Metodologia-Progrmas-MI-PEAJAL-v3.pdf\" target=\"_blank\">Anexo 2 Metodolog\u00eda Programas MI PEAJAL<\/a><\/p>\n\n\n\n<p><a rel=\"noreferrer noopener\" href=\"https:\/\/seajal.org\/static\/docs\/politica_estatal\/2022-07-Anexo-3-Estructura-Programas-MI-PEAJAL-v3.pdf\" target=\"_blank\">Anexo 3 Estructura Programas MI PEAJAL<\/a><\/p>\n\n\n\n<h2>Programas Marco de Implementaci\u00f3n<\/h2>\n\n\n\n<p><a rel=\"noreferrer noopener\" href=\"https:\/\/seajal.org\/static\/docs\/politica_estatal\/8.1%20Programa%20Marco%20de%20implementacio%CC%81n%20Promover%20la%20Integridad%20y%20E%CC%81tica%20Pu%CC%81blica.pdf\" target=\"_blank\">Programa Marco de implementaci\u00f3n Promover la Integridad y \u00c9tica P\u00fablica<\/a><\/p>\n\n\n\n<p><a rel=\"noreferrer noopener\" href=\"https:\/\/seajal.org\/static\/docs\/politica_estatal\/8.2%20Programa%20Marco%20de%20implementacio%CC%81n%20Impulsar%20la%20Participacio%CC%81n%20Pu%CC%81blica.pdf\" target=\"_blank\">Programa Marco de implementaci\u00f3n Impulsar la Participaci\u00f3n P\u00fablica<\/a><\/p>\n\n\n\n<p><a rel=\"noreferrer noopener\" href=\"https:\/\/seajal.org\/static\/docs\/politica_estatal\/8.3%20Programa%20Marco%20de%20implementacio%CC%81n%20Disminuir%20la%20Arbitrariedad%20en%20la%20Gestio%CC%81n%20Pu%CC%81blica.pdf\" target=\"_blank\">Programa Marco de implementaci\u00f3n Disminuir la Arbitrariedad en la Gesti\u00f3n P\u00fablica<\/a><\/p>\n\n\n\n<p><a rel=\"noreferrer noopener\" href=\"https:\/\/seajal.org\/static\/docs\/politica_estatal\/8.4%20Programa%20Marco%20de%20implementacio%CC%81n%20Combatir%20la%20Impunidad.pdf\" target=\"_blank\">Programa Marco de implementaci\u00f3n Combatir la Impunidad<\/a><\/p>\n\n\n\n<h2>Evaluaci\u00f3n de la PEAJAL<\/h2>\n\n\n\n<p><a rel=\"noreferrer noopener\" href=\"https:\/\/seajal.org\/static\/docs\/politica_estatal\/9.%20Lineamientos%20Grales%20SYE%20PEAJAL%20V20221129.pdf\" target=\"_blank\">Lineamientos Generales para el Seguimiento y Evaluaci\u00f3n de las Pol\u00edticas P\u00fablicas Anticorrupci\u00f3n del Estado de Jalisco<\/a><\/p>\n\n\n\n<p><a rel=\"noreferrer noopener\" href=\"https:\/\/seajal.org\/static\/docs\/politica_estatal\/10.%20Metodologia%20Aprobacion%20Indicadores%20V20221128.pdf\" target=\"_blank\">Metodolog\u00eda de Aprobaci\u00f3n de Indicadores para la PEAJAL y los Programas MI-PEAJAL<\/a><\/p>\n","protected":false},"excerpt":{"rendered":"<p>Pol\u00edtica Estatal Anticorrupci\u00f3n de Jalisco: Infograf\u00eda Pol\u00edtica Estatal Anticorrupci\u00f3n de Jalisco: resumen ejecutivo publicado en el Peri\u00f3dico Oficial El Estado de Jalisco Pol\u00edtica Estatal Anticorrupci\u00f3n de Jalisco: documento \u00edntegro aprobado por el Comit\u00e9 Coordinador Implementaci\u00f3n de la PEAJAL Modelo de Implementaci\u00f3n MI PEAJAL Anexo 1 Estudio Especializado Anexo 2 Metodolog\u00eda Programas MI PEAJAL Anexo 3 &hellip; <\/p>\n<p class=\"link-more\"><a href=\"https:\/\/www.itei.org.mx\/v3\/micrositios\/sea\/peajal\/\" class=\"more-link\">Continuar leyendo<span class=\"screen-reader-text\"> \u00abPEAJAL\u00bb<\/span><\/a><\/p>\n","protected":false},"author":1,"featured_media":0,"parent":0,"menu_order":0,"comment_status":"closed","ping_status":"closed","template":"","meta":[],"_links":{"self":[{"href":"https:\/\/www.itei.org.mx\/v3\/micrositios\/sea\/wp-json\/wp\/v2\/pages\/933"}],"collection":[{"href":"https:\/\/www.itei.org.mx\/v3\/micrositios\/sea\/wp-json\/wp\/v2\/pages"}],"about":[{"href":"https:\/\/www.itei.org.mx\/v3\/micrositios\/sea\/wp-json\/wp\/v2\/types\/page"}],"author":[{"embeddable":true,"href":"https:\/\/www.itei.org.mx\/v3\/micrositios\/sea\/wp-json\/wp\/v2\/users\/1"}],"replies":[{"embeddable":true,"href":"https:\/\/www.itei.org.mx\/v3\/micrositios\/sea\/wp-json\/wp\/v2\/comments?post=933"}],"version-history":[{"count":6,"href":"https:\/\/www.itei.org.mx\/v3\/micrositios\/sea\/wp-json\/wp\/v2\/pages\/933\/revisions"}],"predecessor-version":[{"id":993,"href":"https:\/\/www.itei.org.mx\/v3\/micrositios\/sea\/wp-json\/wp\/v2\/pages\/933\/revisions\/993"}],"wp:attachment":[{"href":"https:\/\/www.itei.org.mx\/v3\/micrositios\/sea\/wp-json\/wp\/v2\/media?parent=933"}],"curies":[{"name":"wp","href":"https:\/\/api.w.org\/{rel}","templated":true}]}}