{"id":8,"date":"2018-11-16T16:39:10","date_gmt":"2018-11-16T16:39:10","guid":{"rendered":"http:\/\/www.itei.org.mx\/v3\/micrositios\/sea\/?page_id=8"},"modified":"2021-06-23T20:27:39","modified_gmt":"2021-06-24T01:27:39","slug":"que-es","status":"publish","type":"page","link":"https:\/\/www.itei.org.mx\/v3\/micrositios\/sea\/","title":{"rendered":"\u00bfQu\u00e9 es?"},"content":{"rendered":"\n<p>Es la instancia de coordinaci\u00f3n entre las autoridades estatales y municipales competentes en la prevenci\u00f3n, detecci\u00f3n y sanci\u00f3n de responsabilidades administrativas y hechos de corrupci\u00f3n, as\u00ed como la fiscalizaci\u00f3n y control de recursos p\u00fablicos.<\/p>\n\n\n\n<figure class=\"wp-block-gallery columns-1 is-cropped\"><ul class=\"blocks-gallery-grid\"><li class=\"blocks-gallery-item\"><figure><img loading=\"lazy\" width=\"812\" height=\"437\" src=\"http:\/\/www.itei.org.mx\/v3\/micrositios\/sea\/wp-content\/uploads\/2020\/08\/SEAJAL.png\" alt=\"\" data-id=\"604\" data-full-url=\"http:\/\/www.itei.org.mx\/v3\/micrositios\/sea\/wp-content\/uploads\/2020\/08\/SEAJAL.png\" data-link=\"http:\/\/www.itei.org.mx\/v3\/micrositios\/sea\/sea\/que-es\/seajal\/\" class=\"wp-image-604\" srcset=\"https:\/\/www.itei.org.mx\/v3\/micrositios\/sea\/wp-content\/uploads\/2020\/08\/SEAJAL.png 812w, https:\/\/www.itei.org.mx\/v3\/micrositios\/sea\/wp-content\/uploads\/2020\/08\/SEAJAL-300x161.png 300w, https:\/\/www.itei.org.mx\/v3\/micrositios\/sea\/wp-content\/uploads\/2020\/08\/SEAJAL-768x413.png 768w\" sizes=\"(max-width: 767px) 89vw, (max-width: 1000px) 54vw, (max-width: 1071px) 543px, 580px\" \/><\/figure><\/li><\/ul><\/figure>\n","protected":false},"excerpt":{"rendered":"<p>Es la instancia de coordinaci\u00f3n entre las autoridades estatales y municipales competentes en la prevenci\u00f3n, detecci\u00f3n y sanci\u00f3n de responsabilidades administrativas y hechos de corrupci\u00f3n, as\u00ed como la fiscalizaci\u00f3n y control de recursos p\u00fablicos.<\/p>\n","protected":false},"author":1,"featured_media":0,"parent":6,"menu_order":0,"comment_status":"closed","ping_status":"closed","template":"","meta":[],"_links":{"self":[{"href":"https:\/\/www.itei.org.mx\/v3\/micrositios\/sea\/wp-json\/wp\/v2\/pages\/8"}],"collection":[{"href":"https:\/\/www.itei.org.mx\/v3\/micrositios\/sea\/wp-json\/wp\/v2\/pages"}],"about":[{"href":"https:\/\/www.itei.org.mx\/v3\/micrositios\/sea\/wp-json\/wp\/v2\/types\/page"}],"author":[{"embeddable":true,"href":"https:\/\/www.itei.org.mx\/v3\/micrositios\/sea\/wp-json\/wp\/v2\/users\/1"}],"replies":[{"embeddable":true,"href":"https:\/\/www.itei.org.mx\/v3\/micrositios\/sea\/wp-json\/wp\/v2\/comments?post=8"}],"version-history":[{"count":6,"href":"https:\/\/www.itei.org.mx\/v3\/micrositios\/sea\/wp-json\/wp\/v2\/pages\/8\/revisions"}],"predecessor-version":[{"id":833,"href":"https:\/\/www.itei.org.mx\/v3\/micrositios\/sea\/wp-json\/wp\/v2\/pages\/8\/revisions\/833"}],"up":[{"embeddable":true,"href":"https:\/\/www.itei.org.mx\/v3\/micrositios\/sea\/wp-json\/wp\/v2\/pages\/6"}],"wp:attachment":[{"href":"https:\/\/www.itei.org.mx\/v3\/micrositios\/sea\/wp-json\/wp\/v2\/media?parent=8"}],"curies":[{"name":"wp","href":"https:\/\/api.w.org\/{rel}","templated":true}]}}