{"id":79,"date":"2018-11-16T17:25:08","date_gmt":"2018-11-16T17:25:08","guid":{"rendered":"http:\/\/www.itei.org.mx\/v3\/micrositios\/sea\/?page_id=79"},"modified":"2023-01-10T13:56:45","modified_gmt":"2023-01-10T19:56:45","slug":"organo-de-gobierno","status":"publish","type":"page","link":"https:\/\/www.itei.org.mx\/v3\/micrositios\/sea\/transparencia\/actas-de-sesiones\/organo-de-gobierno\/","title":{"rendered":"\u00d3rgano de Gobierno"},"content":{"rendered":"\n<h2>ACTAS DE SESIONES DEL A\u00d1O 2022<\/h2>\n\n\n\n<div class=\"wp-block-file\"><a href=\"http:\/\/www.itei.org.mx\/v3\/micrositios\/sea\/wp-content\/uploads\/2023\/01\/20.-Acta-Sesion-Ordinaria-OG-SEAJAL-20220818.pdf\">Tercera Sesi\u00f3n Ordinaria 18 de agosto del 2022<\/a><\/div>\n\n\n\n<div class=\"wp-block-file\"><a href=\"http:\/\/www.itei.org.mx\/v3\/micrositios\/sea\/wp-content\/uploads\/2022\/11\/Acta-20220811-No-celebrada.pdf\">Tercera Sesi\u00f3n Ordinaria 11 de agosto del 2022 &#8211; No celebrada por falta de qu\u00f3rum<\/a><\/div>\n\n\n\n<div class=\"wp-block-file\"><a href=\"http:\/\/www.itei.org.mx\/v3\/micrositios\/sea\/wp-content\/uploads\/2022\/11\/13-Acta-Sesion-Ordinaria-OG-SEAJAL-20220331.pdf\">Segunda Sesi\u00f3n Ordinaria 31 de marzo del 2022<\/a><\/div>\n\n\n\n<div class=\"wp-block-file\"><a href=\"http:\/\/www.itei.org.mx\/v3\/micrositios\/sea\/wp-content\/uploads\/2022\/11\/16-Acta-Sesio\u0301n-Ordinaria-OG-SEAJAL-20220127.pdf\">Primera Sesi\u00f3n Ordinaria 27 de enero del 2022<\/a><\/div>\n\n\n\n<h2>ACTAS DE SESIONES DEL A\u00d1O 2021<\/h2>\n\n\n\n<div class=\"wp-block-file\"><a href=\"\">Cuarta Sesi\u00f3n Ordinaria del 29 de noviembre de 2021<\/a><\/div>\n\n\n\n<div class=\"wp-block-file\"><a href=\"https:\/\/www.sesaj.org\/sites\/default\/files\/2021\/actas\/og\/Acta_Sesion_Ordinaria_OG_SEAJAL_20210812.pdf\">Tercera Sesi\u00f3n Ordinaria del 12 de agosto de 2021<\/a><\/div>\n\n\n\n<div class=\"wp-block-file\"><a href=\"https:\/\/www.sesaj.org\/sites\/default\/files\/2021\/actas\/og\/Acta_Sesion_Extraordinaria_OG_SEAJAL_20210628.pdf\">Cuarta Sesi\u00f3n Extraordinaria del 28 de junio de 2021<\/a><\/div>\n\n\n\n<div class=\"wp-block-file\"><a href=\"https:\/\/www.sesaj.org\/sites\/default\/files\/2021\/actas\/og\/Acta_Sesion_Extraordinaria_OG_SEAJAL_20210426.pdf\">Tercera Sesi\u00f3n Extraordinaria del 20 de mayo de 2021<\/a><\/div>\n\n\n\n<div class=\"wp-block-file\"><a href=\"https:\/\/www.sesaj.org\/sites\/default\/files\/2021\/actas\/og\/Acta_Sesion_Extraordinaria_OG_SEAJAL_20210426.pdf\">Segunda Sesi\u00f3n Extraordinaria del 26 de abril de 2021<\/a><\/div>\n\n\n\n<div class=\"wp-block-file\"><a href=\"https:\/\/www.sesaj.org\/sites\/default\/files\/2021\/actas\/og\/Acta_Sesion_Extraordinaria_OG_SEAJAL_20210308.pdf\">Primera Sesi\u00f3n Extraordinaria del 08 de marzo de 2021<\/a><\/div>\n\n\n\n<div class=\"wp-block-file\"><a href=\"https:\/\/www.sesaj.org\/sites\/default\/files\/2021\/actas\/og\/Acta_Sesion_Ordinaria_OG_SEAJAL_20210222.pdf\">Segunda Sesi\u00f3n Ordinaria del 22 de febrero de 2021<\/a><\/div>\n\n\n\n<div class=\"wp-block-file\"><a href=\"http:\/\/www.itei.org.mx\/v3\/micrositios\/sea\/wp-content\/uploads\/2021\/06\/Acta_Sesion_Ordinaria_OG_SEAJAL_20210118.pdf\">Primera Sesi\u00f3n Ordinaria del 18 de enero de 2021<\/a><\/div>\n\n\n\n<h2>ACTAS DE SESIONES DEL A\u00d1O 2020<\/h2>\n\n\n\n<div class=\"wp-block-file\"><a href=\"http:\/\/www.itei.org.mx\/v3\/micrositios\/sea\/wp-content\/uploads\/2021\/06\/Acta_Sesion_Ordinaria_OG_SEAJAL_20201130.pdf\">Cuarta Sesi\u00f3n Ordinaria del 30 de noviembre de 2020<\/a><\/div>\n\n\n\n<div class=\"wp-block-file\"><a href=\"http:\/\/www.itei.org.mx\/v3\/micrositios\/sea\/wp-content\/uploads\/2021\/06\/Acta_Sesion_Ordinaria_OG_SEAJAL_20201026.pdf\">Tercera Sesi\u00f3n Ordinaria del 26 de octubre de 2020<\/a><\/div>\n\n\n\n<div class=\"wp-block-file\"><a href=\"http:\/\/www.itei.org.mx\/v3\/micrositios\/sea\/wp-content\/uploads\/2021\/06\/Acta_Sesion_Ordinaria_OG_SEAJAL_20200810.pdf\">Segunda Sesi\u00f3n Ordinaria del 10 de agosto de 2020<\/a><\/div>\n\n\n\n<div class=\"wp-block-file\"><a href=\"http:\/\/www.itei.org.mx\/v3\/micrositios\/sea\/wp-content\/uploads\/2021\/06\/Acta_Sesioon_Extraordinaria_OG_SEAJAL_20200609.pdf\">Cuarta Sesi\u00f3n Extraordinaria del 09 de junio de 2020<\/a><\/div>\n\n\n\n<div class=\"wp-block-file\"><a href=\"http:\/\/www.itei.org.mx\/v3\/micrositios\/sea\/wp-content\/uploads\/2021\/06\/9_Acta_Sesion_Extraordinaria_OG_SEAJAL_20200514.pdf\">Tercera Sesi\u00f3n Extraordinaria del 14 de mayo de 2020<\/a><\/div>\n\n\n\n<div class=\"wp-block-file\"><a href=\"http:\/\/www.itei.org.mx\/v3\/micrositios\/sea\/wp-content\/uploads\/2021\/06\/Acta_Sesion_Extraordinaria_OG_SEAJAL_20200504.pdf\">Segunda Sesi\u00f3n Extraordinaria del 04 de mayo de 2020<\/a><\/div>\n\n\n\n<div class=\"wp-block-file\"><a href=\"http:\/\/www.itei.org.mx\/v3\/micrositios\/sea\/wp-content\/uploads\/2021\/06\/8_Acta_Sesion_Extraordinaria_OG_SEAJAL_20200226.pdf\">Primera Sesi\u00f3n Extraordinaria del 26 de febrero de 2020<\/a><\/div>\n\n\n\n<div class=\"wp-block-file\"><a href=\"http:\/\/www.itei.org.mx\/v3\/micrositios\/sea\/wp-content\/uploads\/2021\/06\/Acta_Sesion_Ordinaria_OG_SEAJAL_20200127.pdf\">Primera Sesi\u00f3n Ordinaria del 27 de enero de 2020<\/a><\/div>\n\n\n\n<h2>ACTAS DE SESIONES DEL A\u00d1O 2019<\/h2>\n\n\n\n<div class=\"wp-block-file\"><a href=\"http:\/\/www.itei.org.mx\/v3\/micrositios\/sea\/wp-content\/uploads\/2020\/02\/4ta-Sesi\u00f3n-Extraordinaria.pdf\">Cuarta Sesi\u00f3n Extraordinaria del 25 de noviembre de 2019<\/a><a href=\"http:\/\/www.itei.org.mx\/v3\/micrositios\/sea\/wp-content\/uploads\/2020\/02\/4ta-Sesi\u00f3n-Extraordinaria.pdf\" <=\"\" a=\"\"><\/a><\/div>\n\n\n\n<div class=\"wp-block-file\"><a href=\"http:\/\/www.itei.org.mx\/v3\/micrositios\/sea\/wp-content\/uploads\/2020\/02\/4ta-Sesi\u00f3n-Ordinaria.pdf\">Cuarta Sesi\u00f3n Ordinaria del 29 de octubre de 2019<\/a><a href=\"http:\/\/www.itei.org.mx\/v3\/micrositios\/sea\/wp-content\/uploads\/2020\/02\/4ta-Sesi\u00f3n-Ordinaria.pdf\" <=\"\" a=\"\"><\/a><\/div>\n\n\n\n<div class=\"wp-block-file\"><a href=\"http:\/\/www.itei.org.mx\/v3\/micrositios\/sea\/wp-content\/uploads\/2020\/01\/Acta-3-SE-del-OG-Sesi\u00f3n-Extraordinaria-20191014.pdf\">Tercera Sesi\u00f3n Extraordinaria del 14 de octubre de 2019<\/a><\/div>\n\n\n\n<div class=\"wp-block-file\"><a href=\"http:\/\/www.itei.org.mx\/v3\/micrositios\/sea\/wp-content\/uploads\/2020\/01\/Acta-3-SO-del-OG-Sesi\u00f3n-Ordinaria-20190827.pdf\">Tercera Sesi\u00f3n Ordinaria del 27 de agosto de 2019<\/a><\/div>\n\n\n\n<div class=\"wp-block-file\"><a href=\"http:\/\/www.itei.org.mx\/v3\/micrositios\/sea\/wp-content\/uploads\/2020\/01\/Acta-2-SO-del-OG-Sesi\u00f3n-Ordinaria-SEAJAL-20190604.pdf\">Segunda Sesi\u00f3n Ordinaria del 04 de junio de 2019<\/a><\/div>\n\n\n\n<div class=\"wp-block-file\"><a href=\"http:\/\/www.itei.org.mx\/v3\/micrositios\/sea\/wp-content\/uploads\/2020\/01\/Acta-OG-Sesi\u00f3n-Extraordinaria-SEAJAL-20190408.pdf\">Reanudaci\u00f3n de la Segunda Sesi\u00f3n Extraordinaria del 08 de abril de 2019<\/a><\/div>\n\n\n\n<div class=\"wp-block-file\"><a href=\"http:\/\/www.itei.org.mx\/v3\/micrositios\/sea\/wp-content\/uploads\/2019\/06\/2da-SE-del-OG-del-2019.pdf\">Segunda Sesio\u0301n Extraordinaria del 19 de marzo de 2019<\/a><\/div>\n\n\n\n<div class=\"wp-block-file\"><a href=\"http:\/\/www.itei.org.mx\/v3\/micrositios\/sea\/wp-content\/uploads\/2019\/06\/1ra-SE-del-OG-2019.pdf\">Primera Sesio\u0301n Extraordinaria del 05 de marzo de 2019<\/a><\/div>\n\n\n\n<div class=\"wp-block-file\"><a href=\"http:\/\/www.itei.org.mx\/v3\/micrositios\/sea\/wp-content\/uploads\/2019\/03\/Primera-sesi\u00f3n-ord\u00ednaria-del-2019.pdf\">Primera Sesi\u00f3n Ordinaria del 29 de enero de 2019<\/a><a href=\"http:\/\/www.itei.org.mx\/v3\/micrositios\/sea\/wp-content\/uploads\/2019\/03\/Primera-sesi\u00f3n-ord\u00ednaria.pdf\" <=\"\" a=\"\"><\/a><\/div>\n\n\n\n<h2>ACTAS DE SESIONES DEL A\u00d1O 2018<\/h2>\n\n\n\n<div class=\"wp-block-file\"><a href=\"http:\/\/www.itei.org.mx\/v3\/micrositios\/sea\/wp-content\/uploads\/2019\/03\/Sexta-sesi\u00f3n-extraord\u00ednaria-del-2018.pdf\">Sexta Sesi\u00f3n Extraordinaria del 03 de diciembre de 2018<\/a><a href=\"http:\/\/www.itei.org.mx\/v3\/micrositios\/sea\/wp-content\/uploads\/2019\/03\/Sexta-sesi\u00f3n-extraord\u00ednaria-del-2018.pdf\"><\/a><\/div>\n\n\n\n<div class=\"wp-block-file\"><a href=\"http:\/\/www.itei.org.mx\/v3\/micrositios\/sea\/wp-content\/uploads\/2019\/03\/Quinta-sesi\u00f3n-extraord\u00ednaria-del-2018.pdf\">Quinta Sesi\u00f3n Extraordinaria del 31 de octubre de 2018<\/a><a href=\"http:\/\/www.itei.org.mx\/v3\/micrositios\/sea\/wp-content\/uploads\/2019\/03\/Quinta-sesi\u00f3n-extraord\u00ednaria-del-2018.pdf\" <=\"\" a=\"\"><\/a><\/div>\n\n\n\n<div class=\"wp-block-file\"><a href=\"http:\/\/www.itei.org.mx\/v3\/micrositios\/sea\/wp-content\/uploads\/2019\/03\/Tercera-sesi\u00f3n-ord\u00ednaria-del-2018.pdf\">Tercera Sesi\u00f3n Ordinaria del 09 de octubre de 2018<\/a><a href=\"http:\/\/www.itei.org.mx\/v3\/micrositios\/sea\/wp-content\/uploads\/2019\/03\/Tercera-sesi\u00f3n-ord\u00ednaria-del-2018.pdf\" a=\"\"><\/a><\/div>\n\n\n\n<div class=\"wp-block-file\"><a href=\"http:\/\/www.itei.org.mx\/v3\/micrositios\/sea\/wp-content\/uploads\/2019\/03\/Cuarta-sesi\u00f3n-extraord\u00ednaria-del-2018.pdf\">Cuarta Sesi\u00f3n Extraordinaria del 11 de septiembre de 2018<\/a><a href=\"http:\/\/www.itei.org.mx\/v3\/micrositios\/sea\/wp-content\/uploads\/2019\/03\/Cuarta-sesi\u00f3n-extraord\u00ednaria-del-2018.pdf\" a=\"\"><\/a><\/div>\n\n\n\n<div class=\"wp-block-file\"><a href=\"http:\/\/www.itei.org.mx\/v3\/micrositios\/sea\/wp-content\/uploads\/2019\/03\/Tercera-sesi\u00f3n-extraord\u00ednaria-del-2018.pdf\">Tercera Sesi\u00f3n Extraordinaria del 04 de septiembre de 2018<\/a><a href=\"http:\/\/www.itei.org.mx\/v3\/micrositios\/sea\/wp-content\/uploads\/2019\/03\/Tercera-sesi\u00f3n-extraord\u00ednaria-del-2018.pdf\" <=\"\" a=\"\"><\/a><\/div>\n\n\n\n<div class=\"wp-block-file\"><a href=\"http:\/\/www.itei.org.mx\/v3\/micrositios\/sea\/wp-content\/uploads\/2021\/06\/Acta-OG-Sesion-Ordinaria-SEAJAL-20180712.pdf\">Segunda Sesi\u00f3n Ordinaria del 12 de julio de 2018<\/a><a href=\"http:\/\/www.itei.org.mx\/v3\/micrositios\/sea\/wp-content\/uploads\/2021\/06\/Acta-OG-Sesion-Ordinaria-SEAJAL-20180712.pdf\" <=\"\" a=\"\"><\/a><\/div>\n\n\n\n<div class=\"wp-block-file\"><a href=\"http:\/\/www.itei.org.mx\/v3\/micrositios\/sea\/wp-content\/uploads\/2019\/03\/OG-Segunda-sesio\u0301n-extraordinaria-del-2018.pdf\">Segunda Sesio\u0301n Extraordinaria del 24 de abril de 2018<\/a><\/div>\n\n\n\n<div class=\"wp-block-file\"><a href=\"http:\/\/www.itei.org.mx\/v3\/micrositios\/sea\/wp-content\/uploads\/2019\/03\/OG-Primera-sesio\u0301n-ordinaria-del-2018.pdf\">Primera Sesio\u0301n Ordinaria del 10 de abril de 2018<\/a><\/div>\n\n\n\n<div class=\"wp-block-file\"><a href=\"http:\/\/www.itei.org.mx\/v3\/micrositios\/sea\/wp-content\/uploads\/2019\/03\/OG-Primera-sesio\u0301n-extraordinaria-del-2018.pdf\">Primera Sesio\u0301n Extraordinaria del 22 de marzo de 2018<\/a><\/div>\n\n\n\n<div class=\"wp-block-file\"><a href=\"http:\/\/www.itei.org.mx\/v3\/micrositios\/sea\/wp-content\/uploads\/2019\/03\/OG-Acta-de-instalacio\u0301n.pdf\">Sesi\u00f3n de Instalacio\u0301n del 29 de enero de 2018<\/a><\/div>\n\n\n\n<p><\/p>\n","protected":false},"excerpt":{"rendered":"<p>ACTAS DE SESIONES DEL A\u00d1O 2022 Tercera Sesi\u00f3n Ordinaria 18 de agosto del 2022 Tercera Sesi\u00f3n Ordinaria 11 de agosto del 2022 &#8211; No celebrada por falta de qu\u00f3rum Segunda Sesi\u00f3n Ordinaria 31 de marzo del 2022 Primera Sesi\u00f3n Ordinaria 27 de enero del 2022 ACTAS DE SESIONES DEL A\u00d1O 2021 Cuarta Sesi\u00f3n Ordinaria del &hellip; <\/p>\n<p class=\"link-more\"><a href=\"https:\/\/www.itei.org.mx\/v3\/micrositios\/sea\/transparencia\/actas-de-sesiones\/organo-de-gobierno\/\" class=\"more-link\">Continuar leyendo<span class=\"screen-reader-text\"> \u00ab\u00d3rgano de Gobierno\u00bb<\/span><\/a><\/p>\n","protected":false},"author":1,"featured_media":0,"parent":75,"menu_order":0,"comment_status":"closed","ping_status":"closed","template":"","meta":[],"_links":{"self":[{"href":"https:\/\/www.itei.org.mx\/v3\/micrositios\/sea\/wp-json\/wp\/v2\/pages\/79"}],"collection":[{"href":"https:\/\/www.itei.org.mx\/v3\/micrositios\/sea\/wp-json\/wp\/v2\/pages"}],"about":[{"href":"https:\/\/www.itei.org.mx\/v3\/micrositios\/sea\/wp-json\/wp\/v2\/types\/page"}],"author":[{"embeddable":true,"href":"https:\/\/www.itei.org.mx\/v3\/micrositios\/sea\/wp-json\/wp\/v2\/users\/1"}],"replies":[{"embeddable":true,"href":"https:\/\/www.itei.org.mx\/v3\/micrositios\/sea\/wp-json\/wp\/v2\/comments?post=79"}],"version-history":[{"count":26,"href":"https:\/\/www.itei.org.mx\/v3\/micrositios\/sea\/wp-json\/wp\/v2\/pages\/79\/revisions"}],"predecessor-version":[{"id":1002,"href":"https:\/\/www.itei.org.mx\/v3\/micrositios\/sea\/wp-json\/wp\/v2\/pages\/79\/revisions\/1002"}],"up":[{"embeddable":true,"href":"https:\/\/www.itei.org.mx\/v3\/micrositios\/sea\/wp-json\/wp\/v2\/pages\/75"}],"wp:attachment":[{"href":"https:\/\/www.itei.org.mx\/v3\/micrositios\/sea\/wp-json\/wp\/v2\/media?parent=79"}],"curies":[{"name":"wp","href":"https:\/\/api.w.org\/{rel}","templated":true}]}}