{"id":65,"date":"2018-11-16T17:19:50","date_gmt":"2018-11-16T17:19:50","guid":{"rendered":"http:\/\/www.itei.org.mx\/v3\/micrositios\/sea\/?page_id=65"},"modified":"2021-06-23T13:28:33","modified_gmt":"2021-06-23T18:28:33","slug":"estructura","status":"publish","type":"page","link":"https:\/\/www.itei.org.mx\/v3\/micrositios\/sea\/transparencia\/estructura\/","title":{"rendered":"Estructura"},"content":{"rendered":"<p style=\"text-align: justify;\">&nbsp;El Sistema Anticorrupci\u00f3n del Estado de Jalisco, es el resultado de la participaci\u00f3n de las instituciones gubernamentales, la sociedad civil organizada y las instituciones acad\u00e9micas de la Entidad, comprometidas con el combate a la corrupci\u00f3n.<\/p>\n<p style=\"text-align: justify;\">El SEAJAL, es la instancia de coordinaci\u00f3n entre las autoridades estatales y municipales competentes en la prevenci\u00f3n, detecci\u00f3n y sanci\u00f3n de responsabilidades administrativas y hechos de corrupci\u00f3n, as\u00ed como la fiscalizaci\u00f3n y control de recursos p\u00fablicos.<\/p>\n<p style=\"text-align: justify;\">El Sistema Anticorrupci\u00f3n del Estado de Jalisco est\u00e1 compuesto por tres instancias (Art. 6, de la Ley del Sistema Anticorrupci\u00f3n del Estado de Jalisco), y cada una de ellas, representada por diversos entes:<\/p>\n<ul>\n<li><span style=\"line-height: 1.75;\">El Comit\u00e9 Coordinador;<\/span><\/li>\n<li>&nbsp;El Comit\u00e9 de Participaci\u00f3n Social; y<\/li>\n<li>&nbsp;El Sistema Estatal de Fiscalizaci\u00f3n.<\/li>\n<\/ul>\n<p style=\"text-align: justify;\">Adem\u00e1s, existen otras instancias que intervienen de manera directa en el SEAJAL, las cuales son:<\/p>\n<ul>\n<li>&nbsp;La Comisi\u00f3n de Selecci\u00f3n;<\/li>\n<li>&nbsp;La Secretar\u00eda Ejecutiva del SEAJAL;<\/li>\n<li>&nbsp;El \u00d3rgano de Gobierno de la Secretar\u00eda Ejecutiva del SEAJAL; y<\/li>\n<li>&nbsp;La Comisi\u00f3n Ejecutiva.<\/li>\n<\/ul>\n<p style=\"text-align: justify;\">El <strong>Comit\u00e9 Coordinador<\/strong> del SEAJAL, es el responsable de establecer los mecanismos de coordinaci\u00f3n entre los integrantes del Sistema Estatal y \u00e9ste con el Sistema Nacional, teniendo como encargo el dise\u00f1o, promoci\u00f3n, implementaci\u00f3n y evaluaci\u00f3n de pol\u00edticas p\u00fablicas de combate a la corrupci\u00f3n. (Art. 6 de la LSAEJ)<\/p>\n<p style=\"text-align: justify;\">El <strong>Comit\u00e9 de Participaci\u00f3n Social<\/strong>, integrado por cinco ciudadanos de probidad y prestigio que se hayan destacado por su contribuci\u00f3n a la transparencia, la rendici\u00f3n de cuentas o el combate a la corrupci\u00f3n, tiene como objetivo coadyuvar, al cumplimiento de los objetivos del Comit\u00e9 Coordinador, as\u00ed como ser la instancia de vinculaci\u00f3n con las organizaciones sociales y acad\u00e9micas relacionadas con las materias del Sistema Estatal Anticorrupci\u00f3n. (Art. 14 y 15 de la LSAEJ)<\/p>\n<p style=\"text-align: justify;\">El <strong>Sistema Estatal de Fiscalizaci\u00f3n<\/strong> tiene por objeto establecer acciones y mecanismos de coordinaci\u00f3n entre los integrantes del mismo, en el \u00e1mbito de sus respectivas competencias, promover\u00e1n el intercambio de informaci\u00f3n, ideas y experiencias encaminadas a avanzar en el desarrollo de la fiscalizaci\u00f3n de los recursos p\u00fablicos. Son integrantes del Sistema Estatal de Fiscalizaci\u00f3n:<\/p>\n<p style=\"text-align: left;\">I. La Auditor\u00eda Superior del Estado;<br \/>\nII. La Contralor\u00eda del Estado;<br \/>\nIII. \u00d3rganos internos de control de los organismos con autonom\u00eda reconocida por la Constituci\u00f3n Pol\u00edtica del Estado de Jalisco;<br \/>\nIV. El \u00f3rgano interno de control del Poder Legislativo; y<br \/>\nV. El \u00f3rgano interno de control del Poder Judicial.<br \/>\n(Art. 37 de la LSAEJ)<\/p>\n<p style=\"text-align: justify;\">La <strong>Comisi\u00f3n de Selecci\u00f3n<\/strong>, integrada por nueve mexicanos, constituida para nombrar a los integrantes del Comit\u00e9 de Participaci\u00f3n Social y dem\u00e1s Comit\u00e9s que sean requeridos mediante convocatoria que emita el Congreso. (Art. 18 de la LSAEJ)<\/p>\n<p style=\"text-align: justify;\">La <strong>Secretar\u00eda Ejecutiva del SEAJAL<\/strong>, es un organismo descentralizado, no sectorizado, con personalidad jur\u00eddica y patrimonio propios, con autonom\u00eda t\u00e9cnica y de gesti\u00f3n. Tiene por objeto fungir como \u00f3rgano de apoyo t\u00e9cnico del Comit\u00e9 Coordinador del Sistema Estatal, a efecto de proveerle la asistencia t\u00e9cnica as\u00ed como los insumos necesarios para el desempe\u00f1o de sus atribuciones. (Art. 24 y 25 de la LSAEJ)<\/p>\n<p style=\"text-align: justify;\">El <strong>\u00d3rgano de Gobierno de la Secretar\u00eda Ejecutiva del SEAJAL<\/strong>, es la instancia m\u00e1xima de administraci\u00f3n y direcci\u00f3n del organismo p\u00fablico descentralizado, no sectorizado que es la Secretar\u00eda Ejecutiva del Sistema Anticorrupci\u00f3n del Estado de Jalisco. Est\u00e1 integrado por los miembros del Comit\u00e9 Coordinador y su presidente es el representante del Comit\u00e9 de Participaci\u00f3n Social. (Art. 28 de la LSAEJ)<\/p>\n<p style=\"text-align: justify;\">La <strong>Comisi\u00f3n Ejecutiva<\/strong>, integrada por el Secretario T\u00e9cnico de la Secretar\u00eda Ejecutiva del SEAJAL; y el Comit\u00e9 de Participaci\u00f3n Social, con excepci\u00f3n del miembro que funja en ese momento como Presidente del mismo. Tendr\u00e1 a su cargo la generaci\u00f3n de los insumos t\u00e9cnicos necesarios para que el Comit\u00e9 Coordinador realice sus funciones. (Art. 30 y 31 de la LSAEJ)<\/p>\n<p>&nbsp;<\/p>\n","protected":false},"excerpt":{"rendered":"<p>&nbsp;El Sistema Anticorrupci\u00f3n del Estado de Jalisco, es el resultado de la participaci\u00f3n de las instituciones gubernamentales, la sociedad civil organizada y las instituciones acad\u00e9micas de la Entidad, comprometidas con el combate a la corrupci\u00f3n. El SEAJAL, es la instancia de coordinaci\u00f3n entre las autoridades estatales y municipales competentes en la prevenci\u00f3n, detecci\u00f3n y sanci\u00f3n &hellip; <\/p>\n<p class=\"link-more\"><a href=\"https:\/\/www.itei.org.mx\/v3\/micrositios\/sea\/transparencia\/estructura\/\" class=\"more-link\">Continuar leyendo<span class=\"screen-reader-text\"> \u00abEstructura\u00bb<\/span><\/a><\/p>\n","protected":false},"author":1,"featured_media":0,"parent":53,"menu_order":0,"comment_status":"closed","ping_status":"closed","template":"","meta":[],"_links":{"self":[{"href":"https:\/\/www.itei.org.mx\/v3\/micrositios\/sea\/wp-json\/wp\/v2\/pages\/65"}],"collection":[{"href":"https:\/\/www.itei.org.mx\/v3\/micrositios\/sea\/wp-json\/wp\/v2\/pages"}],"about":[{"href":"https:\/\/www.itei.org.mx\/v3\/micrositios\/sea\/wp-json\/wp\/v2\/types\/page"}],"author":[{"embeddable":true,"href":"https:\/\/www.itei.org.mx\/v3\/micrositios\/sea\/wp-json\/wp\/v2\/users\/1"}],"replies":[{"embeddable":true,"href":"https:\/\/www.itei.org.mx\/v3\/micrositios\/sea\/wp-json\/wp\/v2\/comments?post=65"}],"version-history":[{"count":10,"href":"https:\/\/www.itei.org.mx\/v3\/micrositios\/sea\/wp-json\/wp\/v2\/pages\/65\/revisions"}],"predecessor-version":[{"id":771,"href":"https:\/\/www.itei.org.mx\/v3\/micrositios\/sea\/wp-json\/wp\/v2\/pages\/65\/revisions\/771"}],"up":[{"embeddable":true,"href":"https:\/\/www.itei.org.mx\/v3\/micrositios\/sea\/wp-json\/wp\/v2\/pages\/53"}],"wp:attachment":[{"href":"https:\/\/www.itei.org.mx\/v3\/micrositios\/sea\/wp-json\/wp\/v2\/media?parent=65"}],"curies":[{"name":"wp","href":"https:\/\/api.w.org\/{rel}","templated":true}]}}