{"id":628,"date":"2020-08-04T14:28:51","date_gmt":"2020-08-04T19:28:51","guid":{"rendered":"http:\/\/www.itei.org.mx\/v3\/micrositios\/sea\/?page_id=628"},"modified":"2022-11-01T10:55:57","modified_gmt":"2022-11-01T16:55:57","slug":"informes-de-trabajo","status":"publish","type":"page","link":"https:\/\/www.itei.org.mx\/v3\/micrositios\/sea\/informes-de-trabajo\/","title":{"rendered":"Informe de Actividades"},"content":{"rendered":"\n<div class=\"wp-block-file\"><a href=\"http:\/\/www.itei.org.mx\/v3\/micrositios\/sea\/wp-content\/uploads\/2022\/11\/Informe_de_Actividades_CC_2021-2022.pdf\">Informe de actividades del Comit\u00e9 Coordinador 2021 &#8211; 2022<\/a><\/div>\n\n\n\n<div class=\"wp-block-file\"><a href=\"http:\/\/www.itei.org.mx\/v3\/micrositios\/sea\/wp-content\/uploads\/2022\/11\/Informe_de_Actividades_CC_2020-2021.pdf\">Informe de actividades del Comit\u00e9 Coordinador 2020 &#8211; 2021<\/a><\/div>\n\n\n\n<div class=\"wp-block-file\"><a href=\"https:\/\/sesaj.org\/sites\/default\/files\/2020\/informes\/Informe_de_Actividades_CC_2019-2020_V20201109.pdf\">Informe de Actividades del Comit\u00e9 Coordinador 2019-2020<\/a><\/div>\n\n\n\n<div class=\"wp-block-file\"><a href=\"http:\/\/www.itei.org.mx\/v3\/micrositios\/sea\/wp-content\/uploads\/2020\/08\/Informe-2019-2020-avance.pdf\">Informe de Actividades del Comit\u00e9 Coordinador 2019-2020 (Avances)<\/a><\/div>\n\n\n\n<div class=\"wp-block-file\"><a href=\"http:\/\/www.itei.org.mx\/v3\/micrositios\/sea\/wp-content\/uploads\/2020\/08\/Informe-de-Actividades-CC-SEAJAL-2018-2019.pdf\">Informe de Actividades del Comit\u00e9 Coordinador 2018-2019<\/a><\/div>\n","protected":false},"excerpt":{"rendered":"<p>Informe de actividades del Comit\u00e9 Coordinador 2021 &#8211; 2022 Informe de actividades del Comit\u00e9 Coordinador 2020 &#8211; 2021 Informe de Actividades del Comit\u00e9 Coordinador 2019-2020 Informe de Actividades del Comit\u00e9 Coordinador 2019-2020 (Avances) Informe de Actividades del Comit\u00e9 Coordinador 2018-2019<\/p>\n","protected":false},"author":2,"featured_media":0,"parent":0,"menu_order":0,"comment_status":"closed","ping_status":"closed","template":"","meta":[],"_links":{"self":[{"href":"https:\/\/www.itei.org.mx\/v3\/micrositios\/sea\/wp-json\/wp\/v2\/pages\/628"}],"collection":[{"href":"https:\/\/www.itei.org.mx\/v3\/micrositios\/sea\/wp-json\/wp\/v2\/pages"}],"about":[{"href":"https:\/\/www.itei.org.mx\/v3\/micrositios\/sea\/wp-json\/wp\/v2\/types\/page"}],"author":[{"embeddable":true,"href":"https:\/\/www.itei.org.mx\/v3\/micrositios\/sea\/wp-json\/wp\/v2\/users\/2"}],"replies":[{"embeddable":true,"href":"https:\/\/www.itei.org.mx\/v3\/micrositios\/sea\/wp-json\/wp\/v2\/comments?post=628"}],"version-history":[{"count":5,"href":"https:\/\/www.itei.org.mx\/v3\/micrositios\/sea\/wp-json\/wp\/v2\/pages\/628\/revisions"}],"predecessor-version":[{"id":904,"href":"https:\/\/www.itei.org.mx\/v3\/micrositios\/sea\/wp-json\/wp\/v2\/pages\/628\/revisions\/904"}],"wp:attachment":[{"href":"https:\/\/www.itei.org.mx\/v3\/micrositios\/sea\/wp-json\/wp\/v2\/media?parent=628"}],"curies":[{"name":"wp","href":"https:\/\/api.w.org\/{rel}","templated":true}]}}