{"id":61,"date":"2018-11-16T17:18:54","date_gmt":"2018-11-16T17:18:54","guid":{"rendered":"http:\/\/www.itei.org.mx\/v3\/micrositios\/sea\/?page_id=61"},"modified":"2018-11-20T16:40:13","modified_gmt":"2018-11-20T16:40:13","slug":"normatividad-estatal","status":"publish","type":"page","link":"https:\/\/www.itei.org.mx\/v3\/micrositios\/sea\/transparencia\/normatividad\/normatividad-estatal\/","title":{"rendered":"Normatividad Estatal"},"content":{"rendered":"<p><a href=\"http:\/\/www.itei.org.mx\/v3\/documentos\/art8-2a\/constitucion_politica_del_estado_de_jalisco.doc\">Constituci\u00f3n Pol\u00edtica del Estado de Jalisco<\/a><br \/>\nFecha de publicaci\u00f3n: 21 de julio de 1917<br \/>\nVigencia: 1 de agosto de 1917<br \/>\n\u00daltima reforma: 1 de marzo de 2018<\/p>\n<p><a href=\"https:\/\/www.itei.org.mx\/v3\/documentos\/art8-2c\/estatal\/ley_sistema_anticorrupcion.doc\">Ley del Sistema Anticorrupci\u00f3n del Estado de Jalisco<\/a><br \/>\nFecha de publicaci\u00f3n: 18 de julio de 2017<br \/>\nVigencia: 19 de julio de 2017<br \/>\n\u00daltima reforma: Sin reforma<\/p>\n<p><a href=\"http:\/\/www.itei.org.mx\/v3\/documentos\/art8-2c\/estatal\/Codigo_Penal_para_el_Estado_Libre_y_Soberano_de_Jalisco.doc\">C\u00f3digo Penal para el Estado libre y soberano de Jalisco<\/a><br \/>\nFecha de publicaci\u00f3n: 2 de septiembre de 1982<br \/>\nVigencia: 2 de noviembre de 1982<br \/>\n\u00daltima reforma: 25 de septiembre de 1982<\/p>\n<p><a href=\"http:\/\/www.itei.org.mx\/v3\/documentos\/art8-2c\/estatal\/ley_organica_tribunal_de_justicia_administrativa.doc\">Ley Org\u00e1nica del Tribunal de justicia Administrativa del Estado de Jalisco<\/a><br \/>\nFecha de publicaci\u00f3n: 26 de septiembre de 2017<br \/>\nVigencia: 1 de enero de 2018<br \/>\n\u00daltima reforma: Sin reforma<\/p>\n<p><a href=\"http:\/\/www.itei.org.mx\/v3\/documentos\/art8-2c\/estatal\/ley_organica_tribunal_de_justicia_administrativa.doc\">Ley Org\u00e1nica del Poder Judicial del Estado de Jalisco<\/a><br \/>\nFecha de publicaci\u00f3n: 1 de julio de 1997<br \/>\nVigencia: 2 de julio de 1997<br \/>\n\u00daltima reforma: 26 de octubre de 2017<\/p>\n<p><a href=\"http:\/\/www.itei.org.mx\/v3\/documentos\/art8-2c\/estatal\/ley_fiscalizacion_superior_y_rendicion_de_cuentas.doc\">Ley de Fiscalizaci\u00f3n Superior y Rendici\u00f3n de cuentas del Estado de Jalisco y sus Municipios<\/a><br \/>\nFecha de publicaci\u00f3n: 26 de septiembre de 2017<br \/>\nVigencia: 1 de enero de 2018<br \/>\n\u00daltima reforma: Sin reforma<\/p>\n<p><a href=\"http:\/\/www.itei.org.mx\/v3\/documentos\/art8-2c\/estatal\/ley_responsabilidades_politicas_y_administrativas.doc\">Ley de Responsabilidades Pol\u00edticas y Administrativas del Estado de Jalisco<\/a><br \/>\nFecha de publicaci\u00f3n: 26 de septiembre de 2017<br \/>\nVigencia: 27 de septiembre de 2017<br \/>\n\u00daltima reforma: 13 de septiembre de 2018<\/p>\n","protected":false},"excerpt":{"rendered":"<p>Constituci\u00f3n Pol\u00edtica del Estado de Jalisco Fecha de publicaci\u00f3n: 21 de julio de 1917 Vigencia: 1 de agosto de 1917 \u00daltima reforma: 1 de marzo de 2018 Ley del Sistema Anticorrupci\u00f3n del Estado de Jalisco Fecha de publicaci\u00f3n: 18 de julio de 2017 Vigencia: 19 de julio de 2017 \u00daltima reforma: Sin reforma C\u00f3digo Penal &hellip; <\/p>\n<p class=\"link-more\"><a href=\"https:\/\/www.itei.org.mx\/v3\/micrositios\/sea\/transparencia\/normatividad\/normatividad-estatal\/\" class=\"more-link\">Continuar leyendo<span class=\"screen-reader-text\"> \u00abNormatividad Estatal\u00bb<\/span><\/a><\/p>\n","protected":false},"author":1,"featured_media":0,"parent":55,"menu_order":0,"comment_status":"closed","ping_status":"closed","template":"","meta":[],"_links":{"self":[{"href":"https:\/\/www.itei.org.mx\/v3\/micrositios\/sea\/wp-json\/wp\/v2\/pages\/61"}],"collection":[{"href":"https:\/\/www.itei.org.mx\/v3\/micrositios\/sea\/wp-json\/wp\/v2\/pages"}],"about":[{"href":"https:\/\/www.itei.org.mx\/v3\/micrositios\/sea\/wp-json\/wp\/v2\/types\/page"}],"author":[{"embeddable":true,"href":"https:\/\/www.itei.org.mx\/v3\/micrositios\/sea\/wp-json\/wp\/v2\/users\/1"}],"replies":[{"embeddable":true,"href":"https:\/\/www.itei.org.mx\/v3\/micrositios\/sea\/wp-json\/wp\/v2\/comments?post=61"}],"version-history":[{"count":4,"href":"https:\/\/www.itei.org.mx\/v3\/micrositios\/sea\/wp-json\/wp\/v2\/pages\/61\/revisions"}],"predecessor-version":[{"id":162,"href":"https:\/\/www.itei.org.mx\/v3\/micrositios\/sea\/wp-json\/wp\/v2\/pages\/61\/revisions\/162"}],"up":[{"embeddable":true,"href":"https:\/\/www.itei.org.mx\/v3\/micrositios\/sea\/wp-json\/wp\/v2\/pages\/55"}],"wp:attachment":[{"href":"https:\/\/www.itei.org.mx\/v3\/micrositios\/sea\/wp-json\/wp\/v2\/media?parent=61"}],"curies":[{"name":"wp","href":"https:\/\/api.w.org\/{rel}","templated":true}]}}