{"id":608,"date":"2020-08-04T13:40:51","date_gmt":"2020-08-04T18:40:51","guid":{"rendered":"http:\/\/www.itei.org.mx\/v3\/micrositios\/sea\/?page_id=608"},"modified":"2023-01-10T14:11:59","modified_gmt":"2023-01-10T20:11:59","slug":"comite-coordinador","status":"publish","type":"page","link":"https:\/\/www.itei.org.mx\/v3\/micrositios\/sea\/comite-coordinador\/","title":{"rendered":"Comit\u00e9 Coordinador"},"content":{"rendered":"\n<h2><span style=\"color:#03517d\" class=\"has-inline-color\">VIDEOS DE SESIONES DEL A\u00d1O 2022<\/span><\/h2>\n\n\n\n<figure class=\"wp-block-image size-large is-style-default\"><a href=\"https:\/\/www.itei.org.mx\/v3\/micrositios\/sea\/wp-content\/uploads\/2023\/01\/4sesion2022_comite_coordinador.jpg\"><img loading=\"lazy\" width=\"1024\" height=\"576\" src=\"https:\/\/www.itei.org.mx\/v3\/micrositios\/sea\/wp-content\/uploads\/2023\/01\/4sesion2022_comite_coordinador-1024x576.jpg\" alt=\"\" class=\"wp-image-1004\" srcset=\"https:\/\/www.itei.org.mx\/v3\/micrositios\/sea\/wp-content\/uploads\/2023\/01\/4sesion2022_comite_coordinador-1024x576.jpg 1024w, https:\/\/www.itei.org.mx\/v3\/micrositios\/sea\/wp-content\/uploads\/2023\/01\/4sesion2022_comite_coordinador-300x169.jpg 300w, https:\/\/www.itei.org.mx\/v3\/micrositios\/sea\/wp-content\/uploads\/2023\/01\/4sesion2022_comite_coordinador-768x432.jpg 768w, https:\/\/www.itei.org.mx\/v3\/micrositios\/sea\/wp-content\/uploads\/2023\/01\/4sesion2022_comite_coordinador.jpg 1200w\" sizes=\"(max-width: 767px) 89vw, (max-width: 1000px) 54vw, (max-width: 1071px) 543px, 580px\" \/><\/a><figcaption><em>Cuarta Sesi\u00f3n Ordinaria 29 de noviembre del 2022<\/em><br><a rel=\"noreferrer noopener\" href=\"https:\/\/www.youtube.com\/watch?v=c5aHWOvHTOc\" target=\"_blank\">https:\/\/www.youtube.com\/watch<\/a><\/figcaption><\/figure>\n\n\n\n<figure class=\"wp-block-image size-large is-style-default\"><a href=\"https:\/\/www.itei.org.mx\/v3\/micrositios\/sea\/wp-content\/uploads\/2022\/11\/Screen-Shot-2022-11-01-at-11.13.57-AM.png\"><img loading=\"lazy\" width=\"1024\" height=\"576\" src=\"https:\/\/www.itei.org.mx\/v3\/micrositios\/sea\/wp-content\/uploads\/2022\/11\/Screen-Shot-2022-11-01-at-11.13.57-AM-1024x576.png\" alt=\"\" class=\"wp-image-914\" srcset=\"https:\/\/www.itei.org.mx\/v3\/micrositios\/sea\/wp-content\/uploads\/2022\/11\/Screen-Shot-2022-11-01-at-11.13.57-AM-1024x576.png 1024w, https:\/\/www.itei.org.mx\/v3\/micrositios\/sea\/wp-content\/uploads\/2022\/11\/Screen-Shot-2022-11-01-at-11.13.57-AM-300x169.png 300w, https:\/\/www.itei.org.mx\/v3\/micrositios\/sea\/wp-content\/uploads\/2022\/11\/Screen-Shot-2022-11-01-at-11.13.57-AM-768x432.png 768w, https:\/\/www.itei.org.mx\/v3\/micrositios\/sea\/wp-content\/uploads\/2022\/11\/Screen-Shot-2022-11-01-at-11.13.57-AM-1536x864.png 1536w, https:\/\/www.itei.org.mx\/v3\/micrositios\/sea\/wp-content\/uploads\/2022\/11\/Screen-Shot-2022-11-01-at-11.13.57-AM.png 1920w\" sizes=\"(max-width: 767px) 89vw, (max-width: 1000px) 54vw, (max-width: 1071px) 543px, 580px\" \/><\/a><figcaption><em>Tercera Sesi\u00f3n Ordinaria 30 de septiembre del 2022<\/em><br><a href=\"https:\/\/youtu.be\/ff54rHlgflk\" target=\"_blank\" rel=\"noreferrer noopener\">https:\/\/www.youtube.com\/watch<\/a><\/figcaption><\/figure>\n\n\n\n<figure class=\"wp-block-image size-large is-style-default\"><a href=\"https:\/\/www.itei.org.mx\/v3\/micrositios\/sea\/wp-content\/uploads\/2022\/11\/Screen-Shot-2022-11-01-at-11.11.37-AM.png\"><img loading=\"lazy\" width=\"1024\" height=\"576\" src=\"https:\/\/www.itei.org.mx\/v3\/micrositios\/sea\/wp-content\/uploads\/2022\/11\/Screen-Shot-2022-11-01-at-11.11.37-AM-1024x576.png\" alt=\"\" class=\"wp-image-913\" srcset=\"https:\/\/www.itei.org.mx\/v3\/micrositios\/sea\/wp-content\/uploads\/2022\/11\/Screen-Shot-2022-11-01-at-11.11.37-AM-1024x576.png 1024w, https:\/\/www.itei.org.mx\/v3\/micrositios\/sea\/wp-content\/uploads\/2022\/11\/Screen-Shot-2022-11-01-at-11.11.37-AM-300x169.png 300w, https:\/\/www.itei.org.mx\/v3\/micrositios\/sea\/wp-content\/uploads\/2022\/11\/Screen-Shot-2022-11-01-at-11.11.37-AM-768x432.png 768w, https:\/\/www.itei.org.mx\/v3\/micrositios\/sea\/wp-content\/uploads\/2022\/11\/Screen-Shot-2022-11-01-at-11.11.37-AM-1536x864.png 1536w, https:\/\/www.itei.org.mx\/v3\/micrositios\/sea\/wp-content\/uploads\/2022\/11\/Screen-Shot-2022-11-01-at-11.11.37-AM.png 1920w\" sizes=\"(max-width: 767px) 89vw, (max-width: 1000px) 54vw, (max-width: 1071px) 543px, 580px\" \/><\/a><figcaption><em>Segunda Sesi\u00f3n Ordinaria 30 de junio del 2022<\/em><br><a href=\"https:\/\/youtu.be\/USqovkupBH0\" target=\"_blank\" rel=\"noreferrer noopener\">https:\/\/www.youtube.com\/watch<\/a><\/figcaption><\/figure>\n\n\n\n<figure class=\"wp-block-image size-large is-style-default\"><a href=\"https:\/\/www.itei.org.mx\/v3\/micrositios\/sea\/wp-content\/uploads\/2022\/11\/Screen-Shot-2022-11-01-at-11.09.59-AM.png\"><img loading=\"lazy\" width=\"1024\" height=\"576\" src=\"https:\/\/www.itei.org.mx\/v3\/micrositios\/sea\/wp-content\/uploads\/2022\/11\/Screen-Shot-2022-11-01-at-11.09.59-AM-1024x576.png\" alt=\"\" class=\"wp-image-912\" srcset=\"https:\/\/www.itei.org.mx\/v3\/micrositios\/sea\/wp-content\/uploads\/2022\/11\/Screen-Shot-2022-11-01-at-11.09.59-AM-1024x576.png 1024w, https:\/\/www.itei.org.mx\/v3\/micrositios\/sea\/wp-content\/uploads\/2022\/11\/Screen-Shot-2022-11-01-at-11.09.59-AM-300x169.png 300w, https:\/\/www.itei.org.mx\/v3\/micrositios\/sea\/wp-content\/uploads\/2022\/11\/Screen-Shot-2022-11-01-at-11.09.59-AM-768x432.png 768w, https:\/\/www.itei.org.mx\/v3\/micrositios\/sea\/wp-content\/uploads\/2022\/11\/Screen-Shot-2022-11-01-at-11.09.59-AM-1536x864.png 1536w, https:\/\/www.itei.org.mx\/v3\/micrositios\/sea\/wp-content\/uploads\/2022\/11\/Screen-Shot-2022-11-01-at-11.09.59-AM.png 1920w\" sizes=\"(max-width: 767px) 89vw, (max-width: 1000px) 54vw, (max-width: 1071px) 543px, 580px\" \/><\/a><figcaption><em>Primera Sesi\u00f3n Ordinaria 31 de marzo 2022<\/em><br><a href=\"https:\/\/youtu.be\/_oalCqOB7HE\" target=\"_blank\" rel=\"noreferrer noopener\">https:\/\/www.youtube.com\/watch<\/a><\/figcaption><\/figure>\n\n\n\n<h2><span style=\"color:#03517d\" class=\"has-inline-color\">VIDEOS DE SESIONES DEL A\u00d1O 2021<\/span><\/h2>\n\n\n\n<figure class=\"wp-block-image size-large is-style-default\"><a href=\"https:\/\/www.itei.org.mx\/v3\/micrositios\/sea\/wp-content\/uploads\/2022\/11\/Screen-Shot-2022-11-01-at-11.07.24-AM.png\"><img loading=\"lazy\" width=\"1024\" height=\"576\" src=\"https:\/\/www.itei.org.mx\/v3\/micrositios\/sea\/wp-content\/uploads\/2022\/11\/Screen-Shot-2022-11-01-at-11.07.24-AM-1024x576.png\" alt=\"\" class=\"wp-image-910\" srcset=\"https:\/\/www.itei.org.mx\/v3\/micrositios\/sea\/wp-content\/uploads\/2022\/11\/Screen-Shot-2022-11-01-at-11.07.24-AM-1024x576.png 1024w, https:\/\/www.itei.org.mx\/v3\/micrositios\/sea\/wp-content\/uploads\/2022\/11\/Screen-Shot-2022-11-01-at-11.07.24-AM-300x169.png 300w, https:\/\/www.itei.org.mx\/v3\/micrositios\/sea\/wp-content\/uploads\/2022\/11\/Screen-Shot-2022-11-01-at-11.07.24-AM-768x432.png 768w, https:\/\/www.itei.org.mx\/v3\/micrositios\/sea\/wp-content\/uploads\/2022\/11\/Screen-Shot-2022-11-01-at-11.07.24-AM-1536x864.png 1536w, https:\/\/www.itei.org.mx\/v3\/micrositios\/sea\/wp-content\/uploads\/2022\/11\/Screen-Shot-2022-11-01-at-11.07.24-AM.png 1920w\" sizes=\"(max-width: 767px) 89vw, (max-width: 1000px) 54vw, (max-width: 1071px) 543px, 580px\" \/><\/a><figcaption><em>Cuarta Sesi\u00f3n Ordinaria 29 de noviembre 2021<\/em><br><a href=\"https:\/\/www.youtube.com\/watch?v=Sn73G69bSmg\" target=\"_blank\" rel=\"noreferrer noopener\">https:\/\/www.youtube.com\/watch<\/a><\/figcaption><\/figure>\n\n\n\n<figure class=\"wp-block-image size-large is-style-default\"><a href=\"https:\/\/www.itei.org.mx\/v3\/micrositios\/sea\/wp-content\/uploads\/2021\/12\/foto_sesion_30_Sep_2021.png\"><img loading=\"lazy\" width=\"1024\" height=\"576\" src=\"https:\/\/www.itei.org.mx\/v3\/micrositios\/sea\/wp-content\/uploads\/2021\/12\/foto_sesion_30_Sep_2021-1024x576.png\" alt=\"\" class=\"wp-image-858\" srcset=\"https:\/\/www.itei.org.mx\/v3\/micrositios\/sea\/wp-content\/uploads\/2021\/12\/foto_sesion_30_Sep_2021-1024x576.png 1024w, https:\/\/www.itei.org.mx\/v3\/micrositios\/sea\/wp-content\/uploads\/2021\/12\/foto_sesion_30_Sep_2021-300x169.png 300w, https:\/\/www.itei.org.mx\/v3\/micrositios\/sea\/wp-content\/uploads\/2021\/12\/foto_sesion_30_Sep_2021-768x432.png 768w, https:\/\/www.itei.org.mx\/v3\/micrositios\/sea\/wp-content\/uploads\/2021\/12\/foto_sesion_30_Sep_2021-1536x864.png 1536w, https:\/\/www.itei.org.mx\/v3\/micrositios\/sea\/wp-content\/uploads\/2021\/12\/foto_sesion_30_Sep_2021.png 1920w\" sizes=\"(max-width: 767px) 89vw, (max-width: 1000px) 54vw, (max-width: 1071px) 543px, 580px\" \/><\/a><figcaption>Tercera Sesi\u00f3n Ordinaria del 30 de septiembre de 2021<br><a href=\"https:\/\/www.youtube.com\/watch?v=Sn73G69bSmg\">https:\/\/www.youtube.com\/watch<\/a><\/figcaption><\/figure>\n\n\n\n<figure class=\"wp-block-image size-large is-resized is-style-default\"><a href=\"http:\/\/www.itei.org.mx\/v3\/micrositios\/sea\/wp-content\/uploads\/2021\/06\/2021_03_22_Foto_Sesion_0.jpg\"><img loading=\"lazy\" src=\"http:\/\/www.itei.org.mx\/v3\/micrositios\/sea\/wp-content\/uploads\/2021\/06\/2021_03_22_Foto_Sesion_0-1024x576.jpg\" alt=\"\" class=\"wp-image-728\" width=\"512\" height=\"288\" srcset=\"https:\/\/www.itei.org.mx\/v3\/micrositios\/sea\/wp-content\/uploads\/2021\/06\/2021_03_22_Foto_Sesion_0-1024x576.jpg 1024w, https:\/\/www.itei.org.mx\/v3\/micrositios\/sea\/wp-content\/uploads\/2021\/06\/2021_03_22_Foto_Sesion_0-300x169.jpg 300w, https:\/\/www.itei.org.mx\/v3\/micrositios\/sea\/wp-content\/uploads\/2021\/06\/2021_03_22_Foto_Sesion_0-768x432.jpg 768w, https:\/\/www.itei.org.mx\/v3\/micrositios\/sea\/wp-content\/uploads\/2021\/06\/2021_03_22_Foto_Sesion_0-1536x864.jpg 1536w, https:\/\/www.itei.org.mx\/v3\/micrositios\/sea\/wp-content\/uploads\/2021\/06\/2021_03_22_Foto_Sesion_0.jpg 1920w\" sizes=\"(max-width: 512px) 100vw, 512px\" \/><\/a><figcaption>Segunda Sesi\u00f3n Ordinaria del 22 de marzo de 2021<br><a href=\"https:\/\/www.youtube.com\/watch?v=0CwF8RPdl_4\">https:\/\/www.youtube.com\/watch<\/a><\/figcaption><\/figure>\n\n\n\n<figure class=\"wp-block-image size-large is-resized\"><a href=\"http:\/\/www.itei.org.mx\/v3\/micrositios\/sea\/wp-content\/uploads\/2021\/06\/1era_socc.jpg\"><img loading=\"lazy\" src=\"http:\/\/www.itei.org.mx\/v3\/micrositios\/sea\/wp-content\/uploads\/2021\/06\/1era_socc.jpg\" alt=\"\" class=\"wp-image-730\" width=\"512\" height=\"236\" srcset=\"https:\/\/www.itei.org.mx\/v3\/micrositios\/sea\/wp-content\/uploads\/2021\/06\/1era_socc.jpg 1024w, https:\/\/www.itei.org.mx\/v3\/micrositios\/sea\/wp-content\/uploads\/2021\/06\/1era_socc-300x138.jpg 300w, https:\/\/www.itei.org.mx\/v3\/micrositios\/sea\/wp-content\/uploads\/2021\/06\/1era_socc-768x354.jpg 768w\" sizes=\"(max-width: 512px) 100vw, 512px\" \/><\/a><figcaption><em>Primera Sesi\u00f3n Ordinaria del 18 de enero  de 2021<\/em><br><a href=\"https:\/\/www.youtube.com\/watch?v=naZ38fU9piE\">https:\/\/www.youtube.com\/<\/a><a href=\"https:\/\/www.youtube.com\/watch?v=naZ38fU9piE\" data-type=\"URL\" data-id=\"https:\/\/www.youtube.com\/watch?v=naZ38fU9piE\">wach<\/a><\/figcaption><\/figure>\n\n\n\n<h2><span style=\"color:#03517d\" class=\"has-inline-color\">VIDEOS DE SESIONES DEL A\u00d1O 2020<\/span><\/h2>\n\n\n\n<figure class=\"wp-block-image size-large is-resized\"><a href=\"http:\/\/www.itei.org.mx\/v3\/micrositios\/sea\/wp-content\/uploads\/2021\/06\/4ta_socc.jpg\"><img loading=\"lazy\" src=\"http:\/\/www.itei.org.mx\/v3\/micrositios\/sea\/wp-content\/uploads\/2021\/06\/4ta_socc.jpg\" alt=\"\" class=\"wp-image-733\" width=\"512\" height=\"190\" srcset=\"https:\/\/www.itei.org.mx\/v3\/micrositios\/sea\/wp-content\/uploads\/2021\/06\/4ta_socc.jpg 1024w, https:\/\/www.itei.org.mx\/v3\/micrositios\/sea\/wp-content\/uploads\/2021\/06\/4ta_socc-300x111.jpg 300w, https:\/\/www.itei.org.mx\/v3\/micrositios\/sea\/wp-content\/uploads\/2021\/06\/4ta_socc-768x285.jpg 768w\" sizes=\"(max-width: 512px) 100vw, 512px\" \/><\/a><figcaption><em>Cuarta Sesi\u00f3n Ordinaria del 26 de octubre de 2020<\/em><br><a href=\"https:\/\/www.youtube.com\/watch?v=sf9hIxw5I1U\">https:\/\/www.youtube.com\/wach<\/a><\/figcaption><\/figure>\n\n\n\n<figure class=\"wp-block-image size-large is-resized\"><a href=\"http:\/\/www.itei.org.mx\/v3\/micrositios\/sea\/wp-content\/uploads\/2021\/06\/1era_secc.jpeg\"><img loading=\"lazy\" src=\"http:\/\/www.itei.org.mx\/v3\/micrositios\/sea\/wp-content\/uploads\/2021\/06\/1era_secc.jpeg\" alt=\"\" class=\"wp-image-735\" width=\"512\" height=\"220\" srcset=\"https:\/\/www.itei.org.mx\/v3\/micrositios\/sea\/wp-content\/uploads\/2021\/06\/1era_secc.jpeg 1024w, https:\/\/www.itei.org.mx\/v3\/micrositios\/sea\/wp-content\/uploads\/2021\/06\/1era_secc-300x129.jpeg 300w, https:\/\/www.itei.org.mx\/v3\/micrositios\/sea\/wp-content\/uploads\/2021\/06\/1era_secc-768x330.jpeg 768w\" sizes=\"(max-width: 512px) 100vw, 512px\" \/><\/a><figcaption>Primera Sesi\u00f3n Extraordinaria del 30 de septiembre de 2020<br><a href=\"https:\/\/www.youtube.com\/watch?v=inrzU_nQs5M\">https:\/\/www.youtube.com\/wach<\/a><\/figcaption><\/figure>\n\n\n\n<figure class=\"wp-block-image size-large is-resized\"><a href=\"http:\/\/www.itei.org.mx\/v3\/micrositios\/sea\/wp-content\/uploads\/2021\/06\/Tercera-Sesion-Ordinaria-20200810.png\"><img loading=\"lazy\" src=\"http:\/\/www.itei.org.mx\/v3\/micrositios\/sea\/wp-content\/uploads\/2021\/06\/Tercera-Sesion-Ordinaria-20200810.png\" alt=\"\" class=\"wp-image-737\" width=\"512\" height=\"256\" srcset=\"https:\/\/www.itei.org.mx\/v3\/micrositios\/sea\/wp-content\/uploads\/2021\/06\/Tercera-Sesion-Ordinaria-20200810.png 800w, https:\/\/www.itei.org.mx\/v3\/micrositios\/sea\/wp-content\/uploads\/2021\/06\/Tercera-Sesion-Ordinaria-20200810-300x150.png 300w, https:\/\/www.itei.org.mx\/v3\/micrositios\/sea\/wp-content\/uploads\/2021\/06\/Tercera-Sesion-Ordinaria-20200810-768x384.png 768w\" sizes=\"(max-width: 512px) 100vw, 512px\" \/><\/a><figcaption><em>Tercera Sesi\u00f3n Ordinaria del 10 de agosto de 2020<\/em><br><a href=\"https:\/\/www.youtube.com\/watch?v=6L4LcCX3cPo\">https:\/\/www.youtube.com\/wach<\/a><\/figcaption><\/figure>\n","protected":false},"excerpt":{"rendered":"<p>VIDEOS DE SESIONES DEL A\u00d1O 2022 VIDEOS DE SESIONES DEL A\u00d1O 2021 VIDEOS DE SESIONES DEL A\u00d1O 2020<\/p>\n","protected":false},"author":2,"featured_media":0,"parent":0,"menu_order":0,"comment_status":"closed","ping_status":"closed","template":"","meta":[],"_links":{"self":[{"href":"https:\/\/www.itei.org.mx\/v3\/micrositios\/sea\/wp-json\/wp\/v2\/pages\/608"}],"collection":[{"href":"https:\/\/www.itei.org.mx\/v3\/micrositios\/sea\/wp-json\/wp\/v2\/pages"}],"about":[{"href":"https:\/\/www.itei.org.mx\/v3\/micrositios\/sea\/wp-json\/wp\/v2\/types\/page"}],"author":[{"embeddable":true,"href":"https:\/\/www.itei.org.mx\/v3\/micrositios\/sea\/wp-json\/wp\/v2\/users\/2"}],"replies":[{"embeddable":true,"href":"https:\/\/www.itei.org.mx\/v3\/micrositios\/sea\/wp-json\/wp\/v2\/comments?post=608"}],"version-history":[{"count":19,"href":"https:\/\/www.itei.org.mx\/v3\/micrositios\/sea\/wp-json\/wp\/v2\/pages\/608\/revisions"}],"predecessor-version":[{"id":1005,"href":"https:\/\/www.itei.org.mx\/v3\/micrositios\/sea\/wp-json\/wp\/v2\/pages\/608\/revisions\/1005"}],"wp:attachment":[{"href":"https:\/\/www.itei.org.mx\/v3\/micrositios\/sea\/wp-json\/wp\/v2\/media?parent=608"}],"curies":[{"name":"wp","href":"https:\/\/api.w.org\/{rel}","templated":true}]}}