{"id":59,"date":"2018-11-16T17:18:36","date_gmt":"2018-11-16T17:18:36","guid":{"rendered":"http:\/\/www.itei.org.mx\/v3\/micrositios\/sea\/?page_id=59"},"modified":"2019-03-20T14:50:23","modified_gmt":"2019-03-20T20:50:23","slug":"normatividad-federal","status":"publish","type":"page","link":"https:\/\/www.itei.org.mx\/v3\/micrositios\/sea\/transparencia\/normatividad\/normatividad-federal\/","title":{"rendered":"Normatividad Federal"},"content":{"rendered":"<p><a href=\"http:\/\/www.itei.org.mx\/v3\/documentos\/art8-2a\/constitucion_politica_de_los_estados_unidos_mexicanos.doc\">Constituci\u00f3n Pol\u00edtica de los Estados Unidos Mexicanos<\/a><br \/>Fecha de publicaci\u00f3n: 5 de febrero de 1917<br \/>Vigencia: 1 de mayo de 1917<br \/>\u00daltima reforma: 27 de agosto de 2018<\/p>\n<p><a href=\"http:\/\/www.itei.org.mx\/v3\/micrositios\/sea\/wp-content\/uploads\/2018\/11\/LGSNA.doc\">Ley General del Sistema Nacional Anticorrupci\u00f3n<\/a><br \/>Fecha de publicaci\u00f3n: 18 de julio de 2016<br \/>Vigencia: 19 de julio de 2016<br \/>\u00daltima reforma: Sin reforma<\/p>\n<p><a href=\"http:\/\/www.itei.org.mx\/v3\/micrositios\/sea\/wp-content\/uploads\/2018\/11\/LGRA.doc\">Ley General de Responsabilidades Administrativas<\/a><br \/>Fecha de publicaci\u00f3n: 18 de julio de 2016<br \/>Vigencia: 19 de julio de 2016<br \/>\u00daltima reforma: Sin reforma<\/p>\n<p><a href=\"http:\/\/www.itei.org.mx\/v3\/micrositios\/sea\/wp-content\/uploads\/2018\/11\/LOTFJA.doc\">Ley Org\u00e1nica del Tribunal Federal de Justicia Administrativa<\/a><br \/>Fecha de publicaci\u00f3n: 18 de julio de 2016<br \/>Vigencia: 19 de julio de 2016<br \/>\u00daltima reforma: Sin reforma<\/p>\n<p><a href=\"http:\/\/www.itei.org.mx\/v3\/documentos\/art8-2c\/estatal\/ley_fiscalizacion_superior_y_rendicion_de_cuentas.doc\">Ley de Fiscalizaci\u00f3n y Rendici\u00f3n de Cuentas de la Federaci\u00f3n<\/a><br \/>Fecha de publicaci\u00f3n: 18 de julio de 2016<br \/>Vigencia: 19 de julio de 2016<br \/>\u00daltima reforma: Sin reforma<\/p>\n<p><a href=\"http:\/\/www.itei.org.mx\/v3\/micrositios\/sea\/wp-content\/uploads\/2019\/03\/LOFGR.doc\">Ley Org\u00e1nica de la Fiscal\u00eda General de la Rep\u00fablica<\/a><br \/>Fecha de publicaci\u00f3n: 14 de diciembre de 2019<br \/>Vigencia: 20 de diciembre de 2019<br \/>\u00daltima reforma: Sin reforma<\/p>\n<p><a href=\"http:\/\/www.itei.org.mx\/v3\/micrositios\/sea\/wp-content\/uploads\/2019\/03\/CPF.doc\">C\u00f3digo Penal Federal<\/a><br \/>Fecha de publicaci\u00f3n: 14 de agosto de 1931<br \/>Vigencia: 17 de septiembre de 1931<br \/>\u00daltima reforma: 5 de noviembre de 2018<\/p>\n<p><a href=\"http:\/\/www.itei.org.mx\/v3\/micrositios\/sea\/wp-content\/uploads\/2019\/03\/LOAPF.doc\">Ley Org\u00e1nica de la Administraci\u00f3n P\u00fablica Federal<\/a><br \/>Fecha de publicaci\u00f3n: 29 de diciembre de 1976<br \/>Vigencia: 1 de enero de 1977<br \/>\u00daltima reforma: 30 de noviembre de 2018<\/p>\n\n\n<p><\/p>\n","protected":false},"excerpt":{"rendered":"<p>Constituci\u00f3n Pol\u00edtica de los Estados Unidos MexicanosFecha de publicaci\u00f3n: 5 de febrero de 1917Vigencia: 1 de mayo de 1917\u00daltima reforma: 27 de agosto de 2018 Ley General del Sistema Nacional Anticorrupci\u00f3nFecha de publicaci\u00f3n: 18 de julio de 2016Vigencia: 19 de julio de 2016\u00daltima reforma: Sin reforma Ley General de Responsabilidades AdministrativasFecha de publicaci\u00f3n: 18 de &hellip; <\/p>\n<p class=\"link-more\"><a href=\"https:\/\/www.itei.org.mx\/v3\/micrositios\/sea\/transparencia\/normatividad\/normatividad-federal\/\" class=\"more-link\">Continuar leyendo<span class=\"screen-reader-text\"> \u00abNormatividad Federal\u00bb<\/span><\/a><\/p>\n","protected":false},"author":1,"featured_media":0,"parent":55,"menu_order":0,"comment_status":"closed","ping_status":"closed","template":"","meta":[],"_links":{"self":[{"href":"https:\/\/www.itei.org.mx\/v3\/micrositios\/sea\/wp-json\/wp\/v2\/pages\/59"}],"collection":[{"href":"https:\/\/www.itei.org.mx\/v3\/micrositios\/sea\/wp-json\/wp\/v2\/pages"}],"about":[{"href":"https:\/\/www.itei.org.mx\/v3\/micrositios\/sea\/wp-json\/wp\/v2\/types\/page"}],"author":[{"embeddable":true,"href":"https:\/\/www.itei.org.mx\/v3\/micrositios\/sea\/wp-json\/wp\/v2\/users\/1"}],"replies":[{"embeddable":true,"href":"https:\/\/www.itei.org.mx\/v3\/micrositios\/sea\/wp-json\/wp\/v2\/comments?post=59"}],"version-history":[{"count":8,"href":"https:\/\/www.itei.org.mx\/v3\/micrositios\/sea\/wp-json\/wp\/v2\/pages\/59\/revisions"}],"predecessor-version":[{"id":345,"href":"https:\/\/www.itei.org.mx\/v3\/micrositios\/sea\/wp-json\/wp\/v2\/pages\/59\/revisions\/345"}],"up":[{"embeddable":true,"href":"https:\/\/www.itei.org.mx\/v3\/micrositios\/sea\/wp-json\/wp\/v2\/pages\/55"}],"wp:attachment":[{"href":"https:\/\/www.itei.org.mx\/v3\/micrositios\/sea\/wp-json\/wp\/v2\/media?parent=59"}],"curies":[{"name":"wp","href":"https:\/\/api.w.org\/{rel}","templated":true}]}}