{"id":57,"date":"2018-11-16T17:18:18","date_gmt":"2018-11-16T17:18:18","guid":{"rendered":"http:\/\/www.itei.org.mx\/v3\/micrositios\/sea\/?page_id=57"},"modified":"2018-11-20T16:26:06","modified_gmt":"2018-11-20T16:26:06","slug":"normatividad-internacional","status":"publish","type":"page","link":"https:\/\/www.itei.org.mx\/v3\/micrositios\/sea\/transparencia\/normatividad\/normatividad-internacional\/","title":{"rendered":"Normatividad Internacional"},"content":{"rendered":"<p><a href=\"http:\/\/www.oas.org\/es\/sla\/ddi\/tratados_multilaterales_interamericanos_B-58_contra_Corrupcion_firmas.asp#Mexico\">Convenci\u00f3n Interamericana contra la Corrupci\u00f3n de la Organizaci\u00f3n de los Estados Americanos (OEA)<\/a><br \/>\nFirmado: 26 de marzo de 1996<br \/>\nVigencia: 15 de junio de 1997<\/p>\n<p><a href=\"http:\/\/www.programaanticorrupcion.gob.mx\/index.php\/internacionales\/convenciones\/convencion-para-combatir-el-cohecho-ocde.html\">Convenci\u00f3n para combatir el cohecho de servidores p\u00fablicos extranjeros en transacciones comerciales internacionales de la Organizaci\u00f3n para la Cooperaci\u00f3n y el Desarrollo Econ\u00f3mico (OCDE).<\/a><br \/>\nFirmado 21 de noviembre de 1997<br \/>\nVigencia: 26 de julio de 1999<\/p>\n<p><a href=\"http:\/\/www.senado.gob.mx\/comisiones\/puntos_constitucionales\/docs\/Corrupcion\/Presentacion_Embajador.pdf\">Convenci\u00f3n de las Naciones Unidas contra la Corrupci\u00f3n &#8211; Convenci\u00f3n de M\u00e9rida (ONU)<\/a><br \/>\nFirmado: 2003<br \/>\nVigencia: 14 de diciembre de 2005<\/p>\n","protected":false},"excerpt":{"rendered":"<p>Convenci\u00f3n Interamericana contra la Corrupci\u00f3n de la Organizaci\u00f3n de los Estados Americanos (OEA) Firmado: 26 de marzo de 1996 Vigencia: 15 de junio de 1997 Convenci\u00f3n para combatir el cohecho de servidores p\u00fablicos extranjeros en transacciones comerciales internacionales de la Organizaci\u00f3n para la Cooperaci\u00f3n y el Desarrollo Econ\u00f3mico (OCDE). Firmado 21 de noviembre de 1997 &hellip; <\/p>\n<p class=\"link-more\"><a href=\"https:\/\/www.itei.org.mx\/v3\/micrositios\/sea\/transparencia\/normatividad\/normatividad-internacional\/\" class=\"more-link\">Continuar leyendo<span class=\"screen-reader-text\"> \u00abNormatividad Internacional\u00bb<\/span><\/a><\/p>\n","protected":false},"author":1,"featured_media":0,"parent":55,"menu_order":0,"comment_status":"closed","ping_status":"closed","template":"","meta":[],"_links":{"self":[{"href":"https:\/\/www.itei.org.mx\/v3\/micrositios\/sea\/wp-json\/wp\/v2\/pages\/57"}],"collection":[{"href":"https:\/\/www.itei.org.mx\/v3\/micrositios\/sea\/wp-json\/wp\/v2\/pages"}],"about":[{"href":"https:\/\/www.itei.org.mx\/v3\/micrositios\/sea\/wp-json\/wp\/v2\/types\/page"}],"author":[{"embeddable":true,"href":"https:\/\/www.itei.org.mx\/v3\/micrositios\/sea\/wp-json\/wp\/v2\/users\/1"}],"replies":[{"embeddable":true,"href":"https:\/\/www.itei.org.mx\/v3\/micrositios\/sea\/wp-json\/wp\/v2\/comments?post=57"}],"version-history":[{"count":4,"href":"https:\/\/www.itei.org.mx\/v3\/micrositios\/sea\/wp-json\/wp\/v2\/pages\/57\/revisions"}],"predecessor-version":[{"id":159,"href":"https:\/\/www.itei.org.mx\/v3\/micrositios\/sea\/wp-json\/wp\/v2\/pages\/57\/revisions\/159"}],"up":[{"embeddable":true,"href":"https:\/\/www.itei.org.mx\/v3\/micrositios\/sea\/wp-json\/wp\/v2\/pages\/55"}],"wp:attachment":[{"href":"https:\/\/www.itei.org.mx\/v3\/micrositios\/sea\/wp-json\/wp\/v2\/media?parent=57"}],"curies":[{"name":"wp","href":"https:\/\/api.w.org\/{rel}","templated":true}]}}