{"id":47,"date":"2018-11-16T17:12:33","date_gmt":"2018-11-16T17:12:33","guid":{"rendered":"http:\/\/www.itei.org.mx\/v3\/micrositios\/sea\/?page_id=47"},"modified":"2018-11-16T18:58:27","modified_gmt":"2018-11-16T18:58:27","slug":"que-es","status":"publish","type":"page","link":"https:\/\/www.itei.org.mx\/v3\/micrositios\/sea\/organo-de-gobierno-de-la-secretaria-ejecutiva-del-seajal\/que-es\/","title":{"rendered":"\u00bfQu\u00e9 es?"},"content":{"rendered":"<p>Es la instancia m\u00e1xima de administraci\u00f3n y direcci\u00f3n del organismo p\u00fablico descentralizado, no sectorizado que es la Secretar\u00eda Ejecutiva del Sistema Anticorrupci\u00f3n del Estado de Jalisco.<\/p>\n<p>Est\u00e1 integrado por los miembros del Comit\u00e9 Coordinador y su presidente es el representante del Comit\u00e9 de Participaci\u00f3n Social.<\/p>\n","protected":false},"excerpt":{"rendered":"<p>Es la instancia m\u00e1xima de administraci\u00f3n y direcci\u00f3n del organismo p\u00fablico descentralizado, no sectorizado que es la Secretar\u00eda Ejecutiva del Sistema Anticorrupci\u00f3n del Estado de Jalisco. Est\u00e1 integrado por los miembros del Comit\u00e9 Coordinador y su presidente es el representante del Comit\u00e9 de Participaci\u00f3n Social.<\/p>\n","protected":false},"author":1,"featured_media":0,"parent":44,"menu_order":0,"comment_status":"closed","ping_status":"closed","template":"","meta":[],"_links":{"self":[{"href":"https:\/\/www.itei.org.mx\/v3\/micrositios\/sea\/wp-json\/wp\/v2\/pages\/47"}],"collection":[{"href":"https:\/\/www.itei.org.mx\/v3\/micrositios\/sea\/wp-json\/wp\/v2\/pages"}],"about":[{"href":"https:\/\/www.itei.org.mx\/v3\/micrositios\/sea\/wp-json\/wp\/v2\/types\/page"}],"author":[{"embeddable":true,"href":"https:\/\/www.itei.org.mx\/v3\/micrositios\/sea\/wp-json\/wp\/v2\/users\/1"}],"replies":[{"embeddable":true,"href":"https:\/\/www.itei.org.mx\/v3\/micrositios\/sea\/wp-json\/wp\/v2\/comments?post=47"}],"version-history":[{"count":2,"href":"https:\/\/www.itei.org.mx\/v3\/micrositios\/sea\/wp-json\/wp\/v2\/pages\/47\/revisions"}],"predecessor-version":[{"id":140,"href":"https:\/\/www.itei.org.mx\/v3\/micrositios\/sea\/wp-json\/wp\/v2\/pages\/47\/revisions\/140"}],"up":[{"embeddable":true,"href":"https:\/\/www.itei.org.mx\/v3\/micrositios\/sea\/wp-json\/wp\/v2\/pages\/44"}],"wp:attachment":[{"href":"https:\/\/www.itei.org.mx\/v3\/micrositios\/sea\/wp-json\/wp\/v2\/media?parent=47"}],"curies":[{"name":"wp","href":"https:\/\/api.w.org\/{rel}","templated":true}]}}