{"id":40,"date":"2018-11-16T17:10:46","date_gmt":"2018-11-16T17:10:46","guid":{"rendered":"http:\/\/www.itei.org.mx\/v3\/micrositios\/sea\/?page_id=40"},"modified":"2019-03-05T14:49:17","modified_gmt":"2019-03-05T20:49:17","slug":"cuales-facultades-tiene","status":"publish","type":"page","link":"https:\/\/www.itei.org.mx\/v3\/micrositios\/sea\/comite-coordinador-del-sistema-anticorrupcion-del-estado-de-jalisco\/cuales-facultades-tiene\/","title":{"rendered":"\u00bfCu\u00e1les facultades tiene?"},"content":{"rendered":"<p>El art\u00edculo 8\u00b0 de la Ley del Sistema Anticorrupci\u00f3n del Estado de Jalisco, se\u00f1ala las facultades que tiene el Comit\u00e9 Coordinador, entre las cuales se encuentran:<\/p>\n<ul>\n<li>El establecimiento de bases y principios para la efectiva coordinaci\u00f3n de sus integrantes.<\/li>\n<li>La aprobaci\u00f3n, dise\u00f1o y promoci\u00f3n de las pol\u00edticas estatales en la materia;<\/li>\n<li>Requerir informaci\u00f3n a los Entes P\u00fablicos respecto del cumplimiento de la pol\u00edtica estatal y las dem\u00e1s pol\u00edticas integrales implementadas.<\/li>\n<li>La determinaci\u00f3n e instrumentaci\u00f3n de los mecanismos, bases y principios para la coordinaci\u00f3n con las autoridades de fiscalizaci\u00f3n.<\/li>\n<li>El establecimiento de mecanismos de coordinaci\u00f3n con los Sistemas Municipales anticorrupci\u00f3n en los municipios que cuenten con ellos.<\/li>\n<\/ul>\n","protected":false},"excerpt":{"rendered":"<p>El art\u00edculo 8\u00b0 de la Ley del Sistema Anticorrupci\u00f3n del Estado de Jalisco, se\u00f1ala las facultades que tiene el Comit\u00e9 Coordinador, entre las cuales se encuentran: El establecimiento de bases y principios para la efectiva coordinaci\u00f3n de sus integrantes. La aprobaci\u00f3n, dise\u00f1o y promoci\u00f3n de las pol\u00edticas estatales en la materia; Requerir informaci\u00f3n a los &hellip; <\/p>\n<p class=\"link-more\"><a href=\"https:\/\/www.itei.org.mx\/v3\/micrositios\/sea\/comite-coordinador-del-sistema-anticorrupcion-del-estado-de-jalisco\/cuales-facultades-tiene\/\" class=\"more-link\">Continuar leyendo<span class=\"screen-reader-text\"> \u00ab\u00bfCu\u00e1les facultades tiene?\u00bb<\/span><\/a><\/p>\n","protected":false},"author":1,"featured_media":0,"parent":36,"menu_order":0,"comment_status":"closed","ping_status":"closed","template":"","meta":[],"_links":{"self":[{"href":"https:\/\/www.itei.org.mx\/v3\/micrositios\/sea\/wp-json\/wp\/v2\/pages\/40"}],"collection":[{"href":"https:\/\/www.itei.org.mx\/v3\/micrositios\/sea\/wp-json\/wp\/v2\/pages"}],"about":[{"href":"https:\/\/www.itei.org.mx\/v3\/micrositios\/sea\/wp-json\/wp\/v2\/types\/page"}],"author":[{"embeddable":true,"href":"https:\/\/www.itei.org.mx\/v3\/micrositios\/sea\/wp-json\/wp\/v2\/users\/1"}],"replies":[{"embeddable":true,"href":"https:\/\/www.itei.org.mx\/v3\/micrositios\/sea\/wp-json\/wp\/v2\/comments?post=40"}],"version-history":[{"count":3,"href":"https:\/\/www.itei.org.mx\/v3\/micrositios\/sea\/wp-json\/wp\/v2\/pages\/40\/revisions"}],"predecessor-version":[{"id":262,"href":"https:\/\/www.itei.org.mx\/v3\/micrositios\/sea\/wp-json\/wp\/v2\/pages\/40\/revisions\/262"}],"up":[{"embeddable":true,"href":"https:\/\/www.itei.org.mx\/v3\/micrositios\/sea\/wp-json\/wp\/v2\/pages\/36"}],"wp:attachment":[{"href":"https:\/\/www.itei.org.mx\/v3\/micrositios\/sea\/wp-json\/wp\/v2\/media?parent=40"}],"curies":[{"name":"wp","href":"https:\/\/api.w.org\/{rel}","templated":true}]}}