{"id":38,"date":"2018-11-16T17:09:40","date_gmt":"2018-11-16T17:09:40","guid":{"rendered":"http:\/\/www.itei.org.mx\/v3\/micrositios\/sea\/?page_id=38"},"modified":"2018-11-16T18:55:53","modified_gmt":"2018-11-16T18:55:53","slug":"que-es","status":"publish","type":"page","link":"https:\/\/www.itei.org.mx\/v3\/micrositios\/sea\/comite-coordinador-del-sistema-anticorrupcion-del-estado-de-jalisco\/que-es\/","title":{"rendered":"\u00bfQu\u00e9 es?"},"content":{"rendered":"<p>El Comit\u00e9 Coordinador del SEAJAL es el responsable de establecer los mecanismos de coordinaci\u00f3n entre los integrantes del Sistema Estatal y \u00e9ste con el Sistema Nacional, teniendo como encargo el dise\u00f1o, promoci\u00f3n, implementaci\u00f3n y evaluaci\u00f3n de pol\u00edticas p\u00fablicas de combate a la corrupci\u00f3n.<\/p>\n<p>Este comit\u00e9 se integra por el Presidente del Comit\u00e9 de Participaci\u00f3n Social, los titulares de la Auditor\u00eda Superior del Estado de Jalisco; la Fiscal\u00eda Especializada de Combate a la Corrupci\u00f3n; la Contralor\u00eda del Estado; un representante del Consejo de la Judicatura Estatal; y los presidentes del Instituto Transparencia, Informaci\u00f3n P\u00fablica y Protecci\u00f3n de Datos Personales del Estado de Jalisco, y del Tribunal de Justicia Administrativa del Estado de Jalisco.<\/p>\n","protected":false},"excerpt":{"rendered":"<p>El Comit\u00e9 Coordinador del SEAJAL es el responsable de establecer los mecanismos de coordinaci\u00f3n entre los integrantes del Sistema Estatal y \u00e9ste con el Sistema Nacional, teniendo como encargo el dise\u00f1o, promoci\u00f3n, implementaci\u00f3n y evaluaci\u00f3n de pol\u00edticas p\u00fablicas de combate a la corrupci\u00f3n. Este comit\u00e9 se integra por el Presidente del Comit\u00e9 de Participaci\u00f3n Social, &hellip; <\/p>\n<p class=\"link-more\"><a href=\"https:\/\/www.itei.org.mx\/v3\/micrositios\/sea\/comite-coordinador-del-sistema-anticorrupcion-del-estado-de-jalisco\/que-es\/\" class=\"more-link\">Continuar leyendo<span class=\"screen-reader-text\"> \u00ab\u00bfQu\u00e9 es?\u00bb<\/span><\/a><\/p>\n","protected":false},"author":1,"featured_media":0,"parent":36,"menu_order":0,"comment_status":"closed","ping_status":"closed","template":"","meta":[],"_links":{"self":[{"href":"https:\/\/www.itei.org.mx\/v3\/micrositios\/sea\/wp-json\/wp\/v2\/pages\/38"}],"collection":[{"href":"https:\/\/www.itei.org.mx\/v3\/micrositios\/sea\/wp-json\/wp\/v2\/pages"}],"about":[{"href":"https:\/\/www.itei.org.mx\/v3\/micrositios\/sea\/wp-json\/wp\/v2\/types\/page"}],"author":[{"embeddable":true,"href":"https:\/\/www.itei.org.mx\/v3\/micrositios\/sea\/wp-json\/wp\/v2\/users\/1"}],"replies":[{"embeddable":true,"href":"https:\/\/www.itei.org.mx\/v3\/micrositios\/sea\/wp-json\/wp\/v2\/comments?post=38"}],"version-history":[{"count":2,"href":"https:\/\/www.itei.org.mx\/v3\/micrositios\/sea\/wp-json\/wp\/v2\/pages\/38\/revisions"}],"predecessor-version":[{"id":138,"href":"https:\/\/www.itei.org.mx\/v3\/micrositios\/sea\/wp-json\/wp\/v2\/pages\/38\/revisions\/138"}],"up":[{"embeddable":true,"href":"https:\/\/www.itei.org.mx\/v3\/micrositios\/sea\/wp-json\/wp\/v2\/pages\/36"}],"wp:attachment":[{"href":"https:\/\/www.itei.org.mx\/v3\/micrositios\/sea\/wp-json\/wp\/v2\/media?parent=38"}],"curies":[{"name":"wp","href":"https:\/\/api.w.org\/{rel}","templated":true}]}}